{"id":207,"date":"2021-12-15T13:03:13","date_gmt":"2021-12-15T13:03:13","guid":{"rendered":"https:\/\/aeroportogru.com\/?page_id=207"},"modified":"2026-01-18T00:53:10","modified_gmt":"2026-01-18T00:53:10","slug":"sobre-aeroportogru-com","status":"publish","type":"page","link":"https:\/\/aeroportogru.com\/es\/nosotros\/","title":{"rendered":"Acerca de aeroportogru.com"},"content":{"rendered":"<p><\/p>\n<h1>Acerca de AEROPORTOGRU.COM<\/h1>\n<p><img loading=\"lazy\" decoding=\"async\" class=\"alignnone size-full wp-image-208\" src=\"https:\/\/aeroportogru.com\/wp-content\/uploads\/2021\/12\/logo2.gif\" alt=\"\" width=\"190\" height=\"125\" \/><\/p>\n<p>\n    <strong>AEROPORTOGRU.COM<\/strong> es parte del proyecto global <em>Gu\u00eda de Aeropuertos del Mundo<\/em>, presente tambi\u00e9n a trav\u00e9s de sus versiones <a href=\"https:\/\/aeropuertosdelmundo.com.ar\">Aeropuertosdelmundo.com.ar<\/a> (espa\u00f1ol AR), <a href=\"https:\/\/aeropuertosdelmundo.net\">Aeropuertosdelmundo.net<\/a> (espa\u00f1ol), <a href=\"https:\/\/airportsdomundo.com\">Aeroportosdomundo.com<\/a> (portugu\u00e9s) y <a href=\"https:\/\/airportsdata.net\">Airportsdata.net<\/a> (ingl\u00e9s).\n<\/p>\n<p>\n    Este proyecto naci\u00f3 en 2007 con un objetivo claro: ofrecer un servicio gratuito y \u00fatil para los pasajeros. Gracias al esfuerzo constante de colaboradores, editores y viajeros, hemos crecido hasta consolidar una red de informaci\u00f3n sobre casi mil aeropuertos a nivel global.\n<\/p>\n<p>\n    <strong>AEROPORTOGRU.COM<\/strong> no es, ni pretende ser, el sitio web oficial del aeropuerto. Nuestra propuesta es ser una <strong>herramienta alternativa, complementaria y aut\u00e9ntica<\/strong>. No buscamos competir con el sitio oficial (<a href=\"https:\/\/www.gru.com.br\" target=\"_blank\" rel=\"nofollow noopener\">gru.com.br<\/a>), sino enriquecer la informaci\u00f3n disponible con un enfoque que muchas veces las instituciones oficiales omiten: <strong>la experiencia real del pasajero.<\/strong>\n<\/p>\n<h2>Nuestra Filosof\u00eda: Informaci\u00f3n Basada en la Experiencia<\/h2>\n<p>\n    Lo que nos diferencia es nuestro m\u00e9todo de trabajo. Adem\u00e1s de brindar datos t\u00e9cnicos y actualizados sobre servicios, transporte y terminales, analizamos y seleccionamos rese\u00f1as aut\u00e9nticas de usuarios en plataformas l\u00edderes como <strong>TripAdvisor, Google Reviews, Yelp, Reddit y Skytrax<\/strong>.\n<\/p>\n<p>\n    De esta manera, en AEROPORTOGRU.COM no solo encontrar\u00e1s lo que \u00abdeber\u00eda\u00bb pasar, sino lo que <strong>realmente sucede<\/strong>. Al contrastar estas fuentes, podemos advertirte sobre los puntos d\u00e9biles del aeropuerto, tiempos de espera imprevistos, la calidad real de las salas VIP y consejos pr\u00e1cticos para evitar sobresaltos. Ofrecemos una visi\u00f3n m\u00e1s humana y pr\u00e1ctica: <strong>no solo lo que debes saber, sino lo que debes esperar.<\/strong>\n<\/p>\n<p>\n    Nuestro objetivo es que AEROPORTOGRU.COM sea tu aliado estrat\u00e9gico para que tu paso por el Aeropuerto Internacional de S\u00e3o Paulo\/Guarulhos sea lo m\u00e1s fluido y placentero posible.\n<\/p>\n<h2>Qu\u00e9 esperar de AEROPORTOGRU.COM<\/h2>\n<p>\n    Una gu\u00eda dise\u00f1ada exclusivamente para el pasajero de GRU. Aqu\u00ed encontrar\u00e1s respuestas directas a las dudas m\u00e1s comunes: desde c\u00f3mo moverte entre terminales sin perder tu vuelo, hasta d\u00f3nde encontrar los mejores servicios seg\u00fan las opiniones de otros viajeros.\n<\/p>\n<h4>Contenidos de AEROPORTOGRU.COM<\/h4>\n<p><a href=\"https:\/\/aeroportogru.com\/es\/\"><strong>Index <\/strong><\/a>Informaci\u00f3n general, detalle de servicios y resumen de contenidos<\/p>\n<p><a href=\"https:\/\/aeroportogru.com\/es\/terminales\/\"><strong>Terminales (T1,T2,T3)<\/strong><\/a><\/p>\n<p><strong><a href=\"https:\/\/aeroportogru.com\/es\/salidas-hoy\/\">Salidas de Hoy<\/a><\/strong><\/p>\n<p><strong><a href=\"https:\/\/aeroportogru.com\/es\/arribos-hoy\/\">Llegadas de Hoy<\/a><\/strong><\/p>\n<p><strong>Servicios<\/strong><\/p>\n<ul>\n<li><a href=\"https:\/\/aeroportogru.com\/es\/compras\/\">Tiendas y Duty Free<\/a><\/li>\n<li><a href=\"https:\/\/aeroportogru.com\/es\/comer-beber\/\">Restaurantes y Caf\u00e9s<\/a><\/li>\n<\/ul>\n<p><strong>Transporte<\/strong><\/p>\n<ul>\n<li><a href=\"https:\/\/aeroportogru.com\/es\/conexion-terminales\/\">Conexi\u00f3n entre Terminales<\/a><\/li>\n<li><a href=\"https:\/\/aeroportogru.com\/es\/autobuses\/\">Autobuses<\/a><\/li>\n<li><a href=\"https:\/\/aeroportogru.com\/es\/taxis\/\">Taxis, Uber<\/a><\/li>\n<li><a href=\"https:\/\/aeroportogru.com\/es\/tren\/\">Trenes<\/a><\/li>\n<\/ul>\n<p><a href=\"https:\/\/aeroportogru.com\/es\/hoteles\/\"><strong>Hoteles<\/strong><\/a><\/p>\n<p><strong>Salas VIP<\/strong><\/p>\n<ul>\n<li><a href=\"https:\/\/aeroportogru.com\/es\/salas-vip-t2\/\">Terminal 1<\/a><\/li>\n<li><a href=\"https:\/\/aeroportogru.com\/es\/salas-vip-t2\/\">Terminal 2<\/a><\/li>\n<li><a href=\"https:\/\/aeroportogru.com\/es\/salas-vip-t3\/\">Terminal 3<\/a><\/li>\n<\/ul>\n<p><strong><a href=\"https:\/\/aeroportogru.com\/es\/aerolineas\/\">Aerol\u00edneas<\/a><\/strong><\/p>\n<p><a href=\"https:\/\/aeroportogru.com\/es\/alquilar-auto\/\"><strong>Alquiler de autos<\/strong><\/a><\/p>\n<p><a href=\"https:\/\/aeroportogru.com\/es\/estacionamiento\/\"><strong>Estacionamiento<\/strong><\/a><\/p>\n<p><strong><a href=\"https:\/\/aeroportogru.com\/es\/consejos-precauciones\">Consejos y precauciones<\/a><\/strong><\/p>\n<p><strong><a href=\"https:\/\/aeroportogru.com\/es\/pros-contras\">Pros y contras del aeropuerto<\/a><\/strong><\/p>\n<p><strong><a href=\"https:\/\/aeroportogru.com\/es\/preguntas-frecuentes\/\">Preguntas Frecuentes<\/a><\/strong><\/p>","protected":false},"excerpt":{"rendered":"<p>Acerca de AEROPORTOGRU.COM AEROPORTOGRU.COM es parte del proyecto global Gu\u00eda de Aeropuertos del Mundo, presente tambi\u00e9n a trav\u00e9s de sus versiones Aeropuertosdelmundo.com.ar (espa\u00f1ol AR), Aeropuertosdelmundo.net (espa\u00f1ol), Aeroportosdomundo.com (portugu\u00e9s) y Airportsdata.net (ingl\u00e9s). Este proyecto naci\u00f3 en 2007 con un objetivo claro:<\/p>\n","protected":false},"author":1,"featured_media":0,"parent":0,"menu_order":0,"comment_status":"closed","ping_status":"closed","template":"","meta":{"footnotes":""},"class_list":["post-207","page","type-page","status-publish","hentry"],"yoast_head":"<!-- This site is optimized with the Yoast SEO plugin v27.3 - https:\/\/yoast.com\/product\/yoast-seo-wordpress\/ -->\n<title>Acerca de aeroportogru.com -<\/title>\n<meta name=\"robots\" content=\"index, follow, max-snippet:-1, max-image-preview:large, max-video-preview:-1\" \/>\n<link rel=\"canonical\" href=\"https:\/\/aeroportogru.com\/nos\/\" \/>\n<meta property=\"og:locale\" content=\"es_ES\" \/>\n<meta property=\"og:type\" content=\"article\" \/>\n<meta property=\"og:title\" content=\"Acerca de aeroportogru.com -\" \/>\n<meta property=\"og:description\" content=\"Acerca de AEROPORTOGRU.COM AEROPORTOGRU.COM es parte del proyecto global Gu\u00eda de Aeropuertos del Mundo, presente tambi\u00e9n a trav\u00e9s de sus versiones Aeropuertosdelmundo.com.ar (espa\u00f1ol AR), Aeropuertosdelmundo.net (espa\u00f1ol), Aeroportosdomundo.com (portugu\u00e9s) y Airportsdata.net (ingl\u00e9s). Este proyecto naci\u00f3 en 2007 con un objetivo claro:\" \/>\n<meta property=\"og:url\" content=\"https:\/\/aeroportogru.com\/nos\/\" \/>\n<meta property=\"article:modified_time\" content=\"2026-01-18T00:53:10+00:00\" \/>\n<meta property=\"og:image\" content=\"https:\/\/aeroportogru.com\/wp-content\/uploads\/2021\/12\/logo2.gif\" \/>\n\t<meta property=\"og:image:width\" content=\"190\" \/>\n\t<meta property=\"og:image:height\" content=\"125\" \/>\n\t<meta property=\"og:image:type\" content=\"image\/gif\" \/>\n<meta name=\"twitter:card\" content=\"summary_large_image\" \/>\n<meta name=\"twitter:label1\" content=\"Tiempo de lectura\" \/>\n\t<meta name=\"twitter:data1\" content=\"7 minutos\" \/>\n<script type=\"application\/ld+json\" class=\"yoast-schema-graph\">{\"@context\":\"https:\\\/\\\/schema.org\",\"@graph\":[{\"@type\":\"WebPage\",\"@id\":\"https:\\\/\\\/aeroportogru.com\\\/nos\\\/\",\"url\":\"https:\\\/\\\/aeroportogru.com\\\/nos\\\/\",\"name\":\"Acerca de aeroportogru.com -\",\"isPartOf\":{\"@id\":\"https:\\\/\\\/aeroportogru.com\\\/#website\"},\"primaryImageOfPage\":{\"@id\":\"https:\\\/\\\/aeroportogru.com\\\/nos\\\/#primaryimage\"},\"image\":{\"@id\":\"https:\\\/\\\/aeroportogru.com\\\/nos\\\/#primaryimage\"},\"thumbnailUrl\":\"https:\\\/\\\/aeroportogru.com\\\/wp-content\\\/uploads\\\/2021\\\/12\\\/logo2.gif\",\"datePublished\":\"2021-12-15T13:03:13+00:00\",\"dateModified\":\"2026-01-18T00:53:10+00:00\",\"breadcrumb\":{\"@id\":\"https:\\\/\\\/aeroportogru.com\\\/nos\\\/#breadcrumb\"},\"inLanguage\":\"es\",\"potentialAction\":[{\"@type\":\"ReadAction\",\"target\":[\"https:\\\/\\\/aeroportogru.com\\\/nos\\\/\"]}]},{\"@type\":\"ImageObject\",\"inLanguage\":\"es\",\"@id\":\"https:\\\/\\\/aeroportogru.com\\\/nos\\\/#primaryimage\",\"url\":\"https:\\\/\\\/aeroportogru.com\\\/wp-content\\\/uploads\\\/2021\\\/12\\\/logo2.gif\",\"contentUrl\":\"https:\\\/\\\/aeroportogru.com\\\/wp-content\\\/uploads\\\/2021\\\/12\\\/logo2.gif\"},{\"@type\":\"BreadcrumbList\",\"@id\":\"https:\\\/\\\/aeroportogru.com\\\/nos\\\/#breadcrumb\",\"itemListElement\":[{\"@type\":\"ListItem\",\"position\":1,\"name\":\"Home\",\"item\":\"https:\\\/\\\/aeroportogru.com\\\/\"},{\"@type\":\"ListItem\",\"position\":2,\"name\":\"Sobre aeroportogru.com\"}]},{\"@type\":\"WebSite\",\"@id\":\"https:\\\/\\\/aeroportogru.com\\\/#website\",\"url\":\"https:\\\/\\\/aeroportogru.com\\\/\",\"name\":\"\",\"description\":\"\",\"potentialAction\":[{\"@type\":\"SearchAction\",\"target\":{\"@type\":\"EntryPoint\",\"urlTemplate\":\"https:\\\/\\\/aeroportogru.com\\\/?s={search_term_string}\"},\"query-input\":{\"@type\":\"PropertyValueSpecification\",\"valueRequired\":true,\"valueName\":\"search_term_string\"}}],\"inLanguage\":\"es\"}]}<\/script>\n<!-- \/ Yoast SEO plugin. -->","yoast_head_json":{"title":"Acerca de aeroportogru.com -","robots":{"index":"index","follow":"follow","max-snippet":"max-snippet:-1","max-image-preview":"max-image-preview:large","max-video-preview":"max-video-preview:-1"},"canonical":"https:\/\/aeroportogru.com\/nos\/","og_locale":"es_ES","og_type":"article","og_title":"Acerca de aeroportogru.com -","og_description":"Acerca de AEROPORTOGRU.COM AEROPORTOGRU.COM es parte del proyecto global Gu\u00eda de Aeropuertos del Mundo, presente tambi\u00e9n a trav\u00e9s de sus versiones Aeropuertosdelmundo.com.ar (espa\u00f1ol AR), Aeropuertosdelmundo.net (espa\u00f1ol), Aeroportosdomundo.com (portugu\u00e9s) y Airportsdata.net (ingl\u00e9s). Este proyecto naci\u00f3 en 2007 con un objetivo claro:","og_url":"https:\/\/aeroportogru.com\/nos\/","article_modified_time":"2026-01-18T00:53:10+00:00","og_image":[{"width":190,"height":125,"url":"https:\/\/aeroportogru.com\/wp-content\/uploads\/2021\/12\/logo2.gif","type":"image\/gif"}],"twitter_card":"summary_large_image","twitter_misc":{"Tiempo de lectura":"7 minutos"},"schema":{"@context":"https:\/\/schema.org","@graph":[{"@type":"WebPage","@id":"https:\/\/aeroportogru.com\/nos\/","url":"https:\/\/aeroportogru.com\/nos\/","name":"Acerca de aeroportogru.com -","isPartOf":{"@id":"https:\/\/aeroportogru.com\/#website"},"primaryImageOfPage":{"@id":"https:\/\/aeroportogru.com\/nos\/#primaryimage"},"image":{"@id":"https:\/\/aeroportogru.com\/nos\/#primaryimage"},"thumbnailUrl":"https:\/\/aeroportogru.com\/wp-content\/uploads\/2021\/12\/logo2.gif","datePublished":"2021-12-15T13:03:13+00:00","dateModified":"2026-01-18T00:53:10+00:00","breadcrumb":{"@id":"https:\/\/aeroportogru.com\/nos\/#breadcrumb"},"inLanguage":"es","potentialAction":[{"@type":"ReadAction","target":["https:\/\/aeroportogru.com\/nos\/"]}]},{"@type":"ImageObject","inLanguage":"es","@id":"https:\/\/aeroportogru.com\/nos\/#primaryimage","url":"https:\/\/aeroportogru.com\/wp-content\/uploads\/2021\/12\/logo2.gif","contentUrl":"https:\/\/aeroportogru.com\/wp-content\/uploads\/2021\/12\/logo2.gif"},{"@type":"BreadcrumbList","@id":"https:\/\/aeroportogru.com\/nos\/#breadcrumb","itemListElement":[{"@type":"ListItem","position":1,"name":"Home","item":"https:\/\/aeroportogru.com\/"},{"@type":"ListItem","position":2,"name":"Sobre aeroportogru.com"}]},{"@type":"WebSite","@id":"https:\/\/aeroportogru.com\/#website","url":"https:\/\/aeroportogru.com\/","name":"","description":"","potentialAction":[{"@type":"SearchAction","target":{"@type":"EntryPoint","urlTemplate":"https:\/\/aeroportogru.com\/?s={search_term_string}"},"query-input":{"@type":"PropertyValueSpecification","valueRequired":true,"valueName":"search_term_string"}}],"inLanguage":"es"}]}},"_links":{"self":[{"href":"https:\/\/aeroportogru.com\/es\/wp-json\/wp\/v2\/pages\/207","targetHints":{"allow":["GET"]}}],"collection":[{"href":"https:\/\/aeroportogru.com\/es\/wp-json\/wp\/v2\/pages"}],"about":[{"href":"https:\/\/aeroportogru.com\/es\/wp-json\/wp\/v2\/types\/page"}],"author":[{"embeddable":true,"href":"https:\/\/aeroportogru.com\/es\/wp-json\/wp\/v2\/users\/1"}],"replies":[{"embeddable":true,"href":"https:\/\/aeroportogru.com\/es\/wp-json\/wp\/v2\/comments?post=207"}],"version-history":[{"count":19,"href":"https:\/\/aeroportogru.com\/es\/wp-json\/wp\/v2\/pages\/207\/revisions"}],"predecessor-version":[{"id":1009,"href":"https:\/\/aeroportogru.com\/es\/wp-json\/wp\/v2\/pages\/207\/revisions\/1009"}],"wp:attachment":[{"href":"https:\/\/aeroportogru.com\/es\/wp-json\/wp\/v2\/media?parent=207"}],"curies":[{"name":"wp","href":"https:\/\/api.w.org\/{rel}","templated":true}]}}