{"id":219,"date":"2021-12-15T18:09:35","date_gmt":"2021-12-15T18:09:35","guid":{"rendered":"https:\/\/aeroportogru.com\/?page_id=219"},"modified":"2023-07-13T19:52:43","modified_gmt":"2023-07-13T19:52:43","slug":"fale-conosco","status":"publish","type":"page","link":"https:\/\/aeroportogru.com\/es\/contactos\/","title":{"rendered":"Contactos"},"content":{"rendered":"<p><\/p>\n<h1>Cont\u00e1ctanos<\/h1>\n<p><img loading=\"lazy\" decoding=\"async\" class=\"alignnone size-full wp-image-208\" src=\"https:\/\/aeroportogru.com\/wp-content\/uploads\/2021\/12\/logo2.gif\" alt=\"\" width=\"190\" height=\"125\" \/><\/p>\n<h3>Para contactarte con nosotros, por favor ingresa a la P\u00e1gina de Facebook de nuestra Gu\u00eda Mundial de Aeropuertos <a href=\"https:\/\/www.facebook.com\/aeropuertosdelmundo.com.ar\">AQUI<\/a><\/h3>\n<h3>o escr\u00edbenos a airport@zona-litoral.com<\/h3>\n<p><\/p>","protected":false},"excerpt":{"rendered":"<p>Cont\u00e1ctanos Para contactarte con nosotros, por favor ingresa a la P\u00e1gina de Facebook de nuestra Gu\u00eda Mundial de Aeropuertos AQUI o escr\u00edbenos a airport@zona-litoral.com<\/p>\n","protected":false},"author":1,"featured_media":0,"parent":0,"menu_order":0,"comment_status":"closed","ping_status":"closed","template":"","meta":{"footnotes":""},"class_list":["post-219","page","type-page","status-publish","hentry"],"yoast_head":"<!-- This site is optimized with the Yoast SEO plugin v27.3 - https:\/\/yoast.com\/product\/yoast-seo-wordpress\/ -->\n<title>Contactos -<\/title>\n<meta name=\"robots\" content=\"index, follow, max-snippet:-1, max-image-preview:large, max-video-preview:-1\" \/>\n<link rel=\"canonical\" href=\"https:\/\/aeroportogru.com\/contato\/\" \/>\n<meta property=\"og:locale\" content=\"es_ES\" \/>\n<meta property=\"og:type\" content=\"article\" \/>\n<meta property=\"og:title\" content=\"Contactos -\" \/>\n<meta property=\"og:description\" content=\"Cont\u00e1ctanos Para contactarte con nosotros, por favor ingresa a la P\u00e1gina de Facebook de nuestra Gu\u00eda Mundial de Aeropuertos AQUI o escr\u00edbenos a airport@zona-litoral.com\" \/>\n<meta property=\"og:url\" content=\"https:\/\/aeroportogru.com\/contato\/\" \/>\n<meta property=\"article:modified_time\" content=\"2023-07-13T19:52:43+00:00\" \/>\n<meta property=\"og:image\" content=\"https:\/\/aeroportogru.com\/wp-content\/uploads\/2021\/12\/logo2.gif\" \/>\n<meta name=\"twitter:card\" content=\"summary_large_image\" \/>\n<meta name=\"twitter:label1\" content=\"Tiempo de lectura\" \/>\n\t<meta name=\"twitter:data1\" content=\"1 minuto\" \/>\n<script type=\"application\/ld+json\" class=\"yoast-schema-graph\">{\"@context\":\"https:\\\/\\\/schema.org\",\"@graph\":[{\"@type\":\"WebPage\",\"@id\":\"https:\\\/\\\/aeroportogru.com\\\/contato\\\/\",\"url\":\"https:\\\/\\\/aeroportogru.com\\\/contato\\\/\",\"name\":\"Contactos -\",\"isPartOf\":{\"@id\":\"https:\\\/\\\/aeroportogru.com\\\/#website\"},\"primaryImageOfPage\":{\"@id\":\"https:\\\/\\\/aeroportogru.com\\\/contato\\\/#primaryimage\"},\"image\":{\"@id\":\"https:\\\/\\\/aeroportogru.com\\\/contato\\\/#primaryimage\"},\"thumbnailUrl\":\"https:\\\/\\\/aeroportogru.com\\\/wp-content\\\/uploads\\\/2021\\\/12\\\/logo2.gif\",\"datePublished\":\"2021-12-15T18:09:35+00:00\",\"dateModified\":\"2023-07-13T19:52:43+00:00\",\"breadcrumb\":{\"@id\":\"https:\\\/\\\/aeroportogru.com\\\/contato\\\/#breadcrumb\"},\"inLanguage\":\"es\",\"potentialAction\":[{\"@type\":\"ReadAction\",\"target\":[\"https:\\\/\\\/aeroportogru.com\\\/contato\\\/\"]}]},{\"@type\":\"ImageObject\",\"inLanguage\":\"es\",\"@id\":\"https:\\\/\\\/aeroportogru.com\\\/contato\\\/#primaryimage\",\"url\":\"https:\\\/\\\/aeroportogru.com\\\/wp-content\\\/uploads\\\/2021\\\/12\\\/logo2.gif\",\"contentUrl\":\"https:\\\/\\\/aeroportogru.com\\\/wp-content\\\/uploads\\\/2021\\\/12\\\/logo2.gif\"},{\"@type\":\"BreadcrumbList\",\"@id\":\"https:\\\/\\\/aeroportogru.com\\\/contato\\\/#breadcrumb\",\"itemListElement\":[{\"@type\":\"ListItem\",\"position\":1,\"name\":\"Home\",\"item\":\"https:\\\/\\\/aeroportogru.com\\\/\"},{\"@type\":\"ListItem\",\"position\":2,\"name\":\"Fale conosco\"}]},{\"@type\":\"WebSite\",\"@id\":\"https:\\\/\\\/aeroportogru.com\\\/#website\",\"url\":\"https:\\\/\\\/aeroportogru.com\\\/\",\"name\":\"\",\"description\":\"\",\"potentialAction\":[{\"@type\":\"SearchAction\",\"target\":{\"@type\":\"EntryPoint\",\"urlTemplate\":\"https:\\\/\\\/aeroportogru.com\\\/?s={search_term_string}\"},\"query-input\":{\"@type\":\"PropertyValueSpecification\",\"valueRequired\":true,\"valueName\":\"search_term_string\"}}],\"inLanguage\":\"es\"}]}<\/script>\n<!-- \/ Yoast SEO plugin. -->","yoast_head_json":{"title":"Contactos -","robots":{"index":"index","follow":"follow","max-snippet":"max-snippet:-1","max-image-preview":"max-image-preview:large","max-video-preview":"max-video-preview:-1"},"canonical":"https:\/\/aeroportogru.com\/contato\/","og_locale":"es_ES","og_type":"article","og_title":"Contactos -","og_description":"Cont\u00e1ctanos Para contactarte con nosotros, por favor ingresa a la P\u00e1gina de Facebook de nuestra Gu\u00eda Mundial de Aeropuertos AQUI o escr\u00edbenos a airport@zona-litoral.com","og_url":"https:\/\/aeroportogru.com\/contato\/","article_modified_time":"2023-07-13T19:52:43+00:00","og_image":[{"url":"https:\/\/aeroportogru.com\/wp-content\/uploads\/2021\/12\/logo2.gif","type":"","width":"","height":""}],"twitter_card":"summary_large_image","twitter_misc":{"Tiempo de lectura":"1 minuto"},"schema":{"@context":"https:\/\/schema.org","@graph":[{"@type":"WebPage","@id":"https:\/\/aeroportogru.com\/contato\/","url":"https:\/\/aeroportogru.com\/contato\/","name":"Contactos -","isPartOf":{"@id":"https:\/\/aeroportogru.com\/#website"},"primaryImageOfPage":{"@id":"https:\/\/aeroportogru.com\/contato\/#primaryimage"},"image":{"@id":"https:\/\/aeroportogru.com\/contato\/#primaryimage"},"thumbnailUrl":"https:\/\/aeroportogru.com\/wp-content\/uploads\/2021\/12\/logo2.gif","datePublished":"2021-12-15T18:09:35+00:00","dateModified":"2023-07-13T19:52:43+00:00","breadcrumb":{"@id":"https:\/\/aeroportogru.com\/contato\/#breadcrumb"},"inLanguage":"es","potentialAction":[{"@type":"ReadAction","target":["https:\/\/aeroportogru.com\/contato\/"]}]},{"@type":"ImageObject","inLanguage":"es","@id":"https:\/\/aeroportogru.com\/contato\/#primaryimage","url":"https:\/\/aeroportogru.com\/wp-content\/uploads\/2021\/12\/logo2.gif","contentUrl":"https:\/\/aeroportogru.com\/wp-content\/uploads\/2021\/12\/logo2.gif"},{"@type":"BreadcrumbList","@id":"https:\/\/aeroportogru.com\/contato\/#breadcrumb","itemListElement":[{"@type":"ListItem","position":1,"name":"Home","item":"https:\/\/aeroportogru.com\/"},{"@type":"ListItem","position":2,"name":"Fale conosco"}]},{"@type":"WebSite","@id":"https:\/\/aeroportogru.com\/#website","url":"https:\/\/aeroportogru.com\/","name":"","description":"","potentialAction":[{"@type":"SearchAction","target":{"@type":"EntryPoint","urlTemplate":"https:\/\/aeroportogru.com\/?s={search_term_string}"},"query-input":{"@type":"PropertyValueSpecification","valueRequired":true,"valueName":"search_term_string"}}],"inLanguage":"es"}]}},"_links":{"self":[{"href":"https:\/\/aeroportogru.com\/es\/wp-json\/wp\/v2\/pages\/219","targetHints":{"allow":["GET"]}}],"collection":[{"href":"https:\/\/aeroportogru.com\/es\/wp-json\/wp\/v2\/pages"}],"about":[{"href":"https:\/\/aeroportogru.com\/es\/wp-json\/wp\/v2\/types\/page"}],"author":[{"embeddable":true,"href":"https:\/\/aeroportogru.com\/es\/wp-json\/wp\/v2\/users\/1"}],"replies":[{"embeddable":true,"href":"https:\/\/aeroportogru.com\/es\/wp-json\/wp\/v2\/comments?post=219"}],"version-history":[{"count":5,"href":"https:\/\/aeroportogru.com\/es\/wp-json\/wp\/v2\/pages\/219\/revisions"}],"predecessor-version":[{"id":393,"href":"https:\/\/aeroportogru.com\/es\/wp-json\/wp\/v2\/pages\/219\/revisions\/393"}],"wp:attachment":[{"href":"https:\/\/aeroportogru.com\/es\/wp-json\/wp\/v2\/media?parent=219"}],"curies":[{"name":"wp","href":"https:\/\/api.w.org\/{rel}","templated":true}]}}