{"id":25,"date":"2021-04-06T12:07:22","date_gmt":"2021-04-06T12:07:22","guid":{"rendered":"https:\/\/aeroportogru.com\/en\/?page_id=25"},"modified":"2026-01-18T01:15:22","modified_gmt":"2026-01-18T01:15:22","slug":"disclaimer","status":"publish","type":"page","link":"https:\/\/aeroportogru.com\/es\/aviso-legal\/","title":{"rendered":"Aviso Legal"},"content":{"rendered":"<p><\/p>\n<h1 title=\"Aviso Legal\">Aviso Legal<\/h1>\n<div>\n<p>Importante advertencia sobre el phishing y deslinde de responsabilidad en contenidos.<\/p>\n<p>Se solicita leer detenidamente este aviso antes de hacer uso de cualquier contenido o interactuar con el sitio.<\/p>\n<p><strong>Este sitio web no guarda ninguna relaci\u00f3n ni v\u00ednculo con el ente oficial del aeropuerto:<\/strong> aeroportogru.com es un sitio web exclusivamente informativo, dise\u00f1ado para proporcionar datos de inter\u00e9s a los usuarios y pasajeros. Se aclara enf\u00e1ticamente que este sitio web es s\u00f3lo una gu\u00eda informativa y no est\u00e1 patrocinado, respaldado, asociado o afiliado a la Autoridad Aeroportuaria de Guarulhos y los visitantes que deseen acceder al sitio oficial deben visitar <strong><a href=\"https:\/\/gru.com.br\/\" target=\"_blank\" rel=\"nofollow noopener\">gru.com.br<\/a><\/strong> &#8211; Cualquier similitud o coincidencia en el nombre de dominio es puramente casual y no debe interpretarse como una representaci\u00f3n oficial.<\/p>\n<p><strong>Advertencia sobre el phishing<\/strong>: El phishing es una pr\u00e1ctica il\u00edcita utilizada por personas malintencionadas para obtener informaci\u00f3n confidencial, como datos bancarios o contrase\u00f1as, haci\u00e9ndose pasar por entidades leg\u00edtimas. Queremos dejar claro que aeroportogru.com NUNCA enviar\u00e1 correos electr\u00f3nicos solicitando datos de cuentas bancarias, dinero o induciendo al usuario a hacer clic en enlaces que dirijan a sitios web de terceros que requieran dicha informaci\u00f3n confidencial.<\/p>\n<p><strong>Alerta y recomendaciones:<\/strong> Instamos a todos los usuarios a mantenerse alerta y tomar precauciones frente a correos electr\u00f3nicos o cualquier otro tipo de comunicaci\u00f3n sospechosa que aparentemente provenga de aeroportogru.com, aunque utilicen nuestro dominio como identificaci\u00f3n del remitente. En caso de recibir dichos correos electr\u00f3nicos, se recomienda encarecidamente hacer caso omiso de los mismos y abstenerse de proporcionar cualquier informaci\u00f3n personal o financiera solicitada.<\/p>\n<p><strong>Limitaci\u00f3n de responsabilidad:<\/strong> El uso del sitio web aeroportogru.com se realiza bajo la exclusiva responsabilidad del usuario. En ning\u00fan caso, el dominio aeroportogru.com, sus propietarios, administradores, colaboradores o cualquier otra persona o entidad asociada podr\u00e1n ser responsabilizados por cualquier da\u00f1o, p\u00e9rdida o perjuicio derivado de la utilizaci\u00f3n del sitio web o de la interacci\u00f3n con contenido relacionado.<\/p>\n<p><strong>Exclusi\u00f3n de Responsabilidad &#8211;<br \/>\naeroportogru.com<\/strong>\u00a0realiza los m\u00e1ximos esfuerzos para evitar cualquier error en los contenidos que pudieran aparecer en este sitio web.aeroportogru.com no garantiza la exactitud ni la puesta al d\u00eda de la informaci\u00f3n que se pueda obtener del mismo, la cual podr\u00e1 ser modificada sin previo aviso.<\/p>\n<p>aeroportogru.com no asume ninguna responsabilidad derivada del uso por terceros del contenido de este sitio.<\/p>\n<p>Todas las informaciones contenidas tienen \u00fanicamente car\u00e1cter informativo. La informaci\u00f3n que se ofrece no es necesariamente exhaustiva, completa, exacta o actualizada.<\/p>\n<p>La informaci\u00f3n facilitada por aeroportogru.com es de car\u00e1cter general y no supone asesoramiento profesional o jur\u00eddico alguno.<\/p>\n<p>aeroportogru.com realizar\u00e1 sus mejores esfuerzos para que el sitio no sufra interrupciones, pero no puede garantizar la ausencia de fallos tecnol\u00f3gicos, ni la permanente disponibilidad del sitio y de los servicios contenidos en \u00e9l y, en consecuencia, no asume responsabilidad alguna por los da\u00f1os y perjuicios que puedan generarse por la falta de disponibilidad y por los fallos en el acceso ocasionados por desconexiones, aver\u00edas, sobrecargas o ca\u00eddas de la red no imputables a aeroportogru.com<\/p>\n<p>aeroportogru.com no garantiza la ausencia de virus u otros elementos que puedan alterar su sistema inform\u00e1tico.<\/p>\n<p>aeroportogru.com excluye cualquier responsabilidad por da\u00f1os y perjuicios de cualquier naturaleza derivados de dichos virus o elementos da\u00f1inos.<\/p>\n<p>\n    <strong>Im\u00e1genes generadas con inteligencia artificial:<\/strong> En este sitio web se utilizan, en algunas secciones, im\u00e1genes creadas mediante inteligencia artificial con fines ilustrativos. Estas im\u00e1genes pueden incluir la representaci\u00f3n del autor del sitio junto a otras personas ficticias. Los personajes que aparecen, salvo el autor, son generados digitalmente y no corresponden a personas reales, aunque su apariencia pueda resultar realista. Cualquier similitud con personas reales es mera coincidencia.\n<\/p>\n<p><strong>Links &#8211;\u00a0<\/strong>Como aeroportogru.com posee algunos links externos, puede que alguno de los mismos no est\u00e9 de acuerdo en que aeroportogru.com lo linkee. En ese caso, estamos atentos a recibir el reclamo, a trav\u00e9s de <a href=\"https:\/\/aeroportogru.com\/es\/contactos\/\">nuestro medio de contacto<\/a>, para retirar el link en cuesti\u00f3n, siempre y cuando el demandante demuestre que pertenece a dicho sitio web.<\/p>\n<p><strong>Copyright<\/strong> &#8211; Existe la posibilidad de que parte de las im\u00e1genes y\/o texto que aparecen dentro del dominio aeroportogru.com procedan de varias fuentes, entre ellas de la propia Red en calidad de dominio p\u00fablico, perteneciendo en consecuencia sus derechos (copyright) a sus propietarios legales. Si el propietario de alguna imagen y\/o texto desea que la misma\/o sea retirada\/o, por favor comun\u00edquese con nosotros a trav\u00e9s de nuestro\u00a0<a href=\"https:\/\/aeroportogru.com\/es\/contactos\/\">MEDIO DE CONTACTO<\/a>, con los datos que identifiquen su posesi\u00f3n legal y el link dentro de aeroportogru.com, donde encontr\u00f3 el contenido en cuesti\u00f3n.<\/p>\n<p><strong>Actualizaci\u00f3n y modificaci\u00f3n:<\/strong> El presente aviso legal podr\u00e1 ser actualizado o modificado en cualquier momento sin previo aviso. Se recomienda revisar peri\u00f3dicamente este aviso para mantenerse informado sobre las condiciones y responsabilidades asociadas al uso del sitio web aeroportogru.com.<\/p>\n<p>En conclusi\u00f3n, aeroportogru.com es un sitio web puramente informativo, no tiene v\u00ednculo con el ente y sitio oficial del aeropuerto y no est\u00e1 involucrado en pr\u00e1cticas de phishing ni solicitar\u00e1 informaci\u00f3n confidencial a trav\u00e9s de correos electr\u00f3nicos u otros medios. Por favor, mant\u00e9ngase alerta y no responda a ning\u00fan correo sospechoso que utilice el dominio aeroportogru.com como identificaci\u00f3n del remitente.<\/p>\n<\/div>\n<p><\/p>","protected":false},"excerpt":{"rendered":"<p>Aviso Legal Importante advertencia sobre el phishing y deslinde de responsabilidad en contenidos. Se solicita leer detenidamente este aviso antes de hacer uso de cualquier contenido o interactuar con el sitio. Este sitio web no guarda ninguna relaci\u00f3n ni v\u00ednculo<\/p>\n","protected":false},"author":1,"featured_media":0,"parent":0,"menu_order":0,"comment_status":"closed","ping_status":"closed","template":"","meta":{"footnotes":""},"class_list":["post-25","page","type-page","status-publish","hentry"],"yoast_head":"<!-- This site is optimized with the Yoast SEO plugin v27.4 - https:\/\/yoast.com\/product\/yoast-seo-wordpress\/ -->\n<title>Aviso Legal -<\/title>\n<meta name=\"robots\" content=\"noindex, nofollow\" \/>\n<meta property=\"og:locale\" content=\"es_ES\" \/>\n<meta property=\"og:type\" content=\"article\" \/>\n<meta property=\"og:title\" content=\"Aviso Legal -\" \/>\n<meta property=\"og:description\" content=\"Aviso Legal Importante advertencia sobre el phishing y deslinde de responsabilidad en contenidos. Se solicita leer detenidamente este aviso antes de hacer uso de cualquier contenido o interactuar con el sitio. Este sitio web no guarda ninguna relaci\u00f3n ni v\u00ednculo\" \/>\n<meta property=\"og:url\" content=\"https:\/\/aeroportogru.com\/disclaimer\/\" \/>\n<meta property=\"article:modified_time\" content=\"2026-01-18T01:15:22+00:00\" \/>\n<meta name=\"twitter:card\" content=\"summary_large_image\" \/>\n<meta name=\"twitter:label1\" content=\"Tiempo de lectura\" \/>\n\t<meta name=\"twitter:data1\" content=\"14 minutos\" \/>\n<script type=\"application\/ld+json\" class=\"yoast-schema-graph\">{\"@context\":\"https:\\\/\\\/schema.org\",\"@graph\":[{\"@type\":\"WebPage\",\"@id\":\"https:\\\/\\\/aeroportogru.com\\\/disclaimer\\\/\",\"url\":\"https:\\\/\\\/aeroportogru.com\\\/disclaimer\\\/\",\"name\":\"Aviso Legal -\",\"isPartOf\":{\"@id\":\"https:\\\/\\\/aeroportogru.com\\\/#website\"},\"datePublished\":\"2021-04-06T12:07:22+00:00\",\"dateModified\":\"2026-01-18T01:15:22+00:00\",\"breadcrumb\":{\"@id\":\"https:\\\/\\\/aeroportogru.com\\\/disclaimer\\\/#breadcrumb\"},\"inLanguage\":\"es\",\"potentialAction\":[{\"@type\":\"ReadAction\",\"target\":[\"https:\\\/\\\/aeroportogru.com\\\/disclaimer\\\/\"]}]},{\"@type\":\"BreadcrumbList\",\"@id\":\"https:\\\/\\\/aeroportogru.com\\\/disclaimer\\\/#breadcrumb\",\"itemListElement\":[{\"@type\":\"ListItem\",\"position\":1,\"name\":\"Home\",\"item\":\"https:\\\/\\\/aeroportogru.com\\\/\"},{\"@type\":\"ListItem\",\"position\":2,\"name\":\"Disclaimer\"}]},{\"@type\":\"WebSite\",\"@id\":\"https:\\\/\\\/aeroportogru.com\\\/#website\",\"url\":\"https:\\\/\\\/aeroportogru.com\\\/\",\"name\":\"\",\"description\":\"\",\"potentialAction\":[{\"@type\":\"SearchAction\",\"target\":{\"@type\":\"EntryPoint\",\"urlTemplate\":\"https:\\\/\\\/aeroportogru.com\\\/?s={search_term_string}\"},\"query-input\":{\"@type\":\"PropertyValueSpecification\",\"valueRequired\":true,\"valueName\":\"search_term_string\"}}],\"inLanguage\":\"es\"}]}<\/script>\n<!-- \/ Yoast SEO plugin. -->","yoast_head_json":{"title":"Aviso Legal -","robots":{"index":"noindex","follow":"nofollow"},"og_locale":"es_ES","og_type":"article","og_title":"Aviso Legal -","og_description":"Aviso Legal Importante advertencia sobre el phishing y deslinde de responsabilidad en contenidos. Se solicita leer detenidamente este aviso antes de hacer uso de cualquier contenido o interactuar con el sitio. Este sitio web no guarda ninguna relaci\u00f3n ni v\u00ednculo","og_url":"https:\/\/aeroportogru.com\/disclaimer\/","article_modified_time":"2026-01-18T01:15:22+00:00","twitter_card":"summary_large_image","twitter_misc":{"Tiempo de lectura":"14 minutos"},"schema":{"@context":"https:\/\/schema.org","@graph":[{"@type":"WebPage","@id":"https:\/\/aeroportogru.com\/disclaimer\/","url":"https:\/\/aeroportogru.com\/disclaimer\/","name":"Aviso Legal -","isPartOf":{"@id":"https:\/\/aeroportogru.com\/#website"},"datePublished":"2021-04-06T12:07:22+00:00","dateModified":"2026-01-18T01:15:22+00:00","breadcrumb":{"@id":"https:\/\/aeroportogru.com\/disclaimer\/#breadcrumb"},"inLanguage":"es","potentialAction":[{"@type":"ReadAction","target":["https:\/\/aeroportogru.com\/disclaimer\/"]}]},{"@type":"BreadcrumbList","@id":"https:\/\/aeroportogru.com\/disclaimer\/#breadcrumb","itemListElement":[{"@type":"ListItem","position":1,"name":"Home","item":"https:\/\/aeroportogru.com\/"},{"@type":"ListItem","position":2,"name":"Disclaimer"}]},{"@type":"WebSite","@id":"https:\/\/aeroportogru.com\/#website","url":"https:\/\/aeroportogru.com\/","name":"","description":"","potentialAction":[{"@type":"SearchAction","target":{"@type":"EntryPoint","urlTemplate":"https:\/\/aeroportogru.com\/?s={search_term_string}"},"query-input":{"@type":"PropertyValueSpecification","valueRequired":true,"valueName":"search_term_string"}}],"inLanguage":"es"}]}},"_links":{"self":[{"href":"https:\/\/aeroportogru.com\/es\/wp-json\/wp\/v2\/pages\/25","targetHints":{"allow":["GET"]}}],"collection":[{"href":"https:\/\/aeroportogru.com\/es\/wp-json\/wp\/v2\/pages"}],"about":[{"href":"https:\/\/aeroportogru.com\/es\/wp-json\/wp\/v2\/types\/page"}],"author":[{"embeddable":true,"href":"https:\/\/aeroportogru.com\/es\/wp-json\/wp\/v2\/users\/1"}],"replies":[{"embeddable":true,"href":"https:\/\/aeroportogru.com\/es\/wp-json\/wp\/v2\/comments?post=25"}],"version-history":[{"count":33,"href":"https:\/\/aeroportogru.com\/es\/wp-json\/wp\/v2\/pages\/25\/revisions"}],"predecessor-version":[{"id":1017,"href":"https:\/\/aeroportogru.com\/es\/wp-json\/wp\/v2\/pages\/25\/revisions\/1017"}],"wp:attachment":[{"href":"https:\/\/aeroportogru.com\/es\/wp-json\/wp\/v2\/media?parent=25"}],"curies":[{"name":"wp","href":"https:\/\/api.w.org\/{rel}","templated":true}]}}