{"id":3,"date":"2021-04-05T20:15:31","date_gmt":"2021-04-05T20:15:31","guid":{"rendered":"https:\/\/aeroportogru.com\/?page_id=3"},"modified":"2026-01-18T01:02:01","modified_gmt":"2026-01-18T01:02:01","slug":"privacy-policy","status":"publish","type":"page","link":"https:\/\/aeroportogru.com\/es\/politica-privacidad\/","title":{"rendered":"Politica de Privacidad"},"content":{"rendered":"<p>\u00daltima actualizaci\u00f3n: 17 de enero de 2026<\/p>\n<h1>Pol\u00edtica de privacidad y cookies<\/h1>\n<p>Aeroportogru.com (\u00abnosotros\u00bb, \u00abnuestro\u00bb, \u00abeste sitio web\u00bb) tiene su sede en Santa Fe CP 3000, Argentina, correo electr\u00f3nico: airport@zona-litoral.com. Esta pol\u00edtica cumple con los est\u00e1ndares internacionales de protecci\u00f3n de datos, incluyendo el Reglamento General de Protecci\u00f3n de Datos (<strong>GDPR<\/strong> &#8211; UE), la Ley General de Protecci\u00f3n de Datos (<strong>LGPD<\/strong> &#8211; Brasil), y las leyes de privacidad estatales de EE. UU. (<strong>CCPA\/CPRA<\/strong>).<\/p>\n<p>El acceso a este sitio web puede implicar la utilizaci\u00f3n de cookies. Adem\u00e1s, los proveedores externos pueden configurar y usar cookies para almacenar y administrar las preferencias del usuario, recopilar datos anal\u00edticos y de uso y, en general, mejorar la experiencia del usuario. Esta pol\u00edtica establece el tipo de cookies que usamos, c\u00f3mo las usamos y c\u00f3mo puede controlarlas y administrarlas de acuerdo con las normativas vigentes.<\/p>\n<h2>Qu\u00e9 son las cookies<\/h2>\n<p>Las cookies son peque\u00f1as cantidades de informaci\u00f3n que se almacenan en el navegador utilizado por cada Usuario para que el servidor recuerde cierta informaci\u00f3n. Facilitan la navegaci\u00f3n y no da\u00f1an el dispositivo. Las cookies que permiten identificar a una persona se consideran datos personales y, por tanto, bajo las normas de 2026, requieren un consentimiento libre, informado, espec\u00edfico y granular antes de su tratamiento.<\/p>\n<p><a href=\"https:\/\/es.wikipedia.org\/wiki\/Cookie_(inform%C3%A1tica)\" target=\"_blank\" rel=\"noopener\">M\u00c1S INFORMACI\u00d3N SOBRE COOKIES<\/a><\/p>\n<h2>Uso de cookies y Base Legal<\/h2>\n<p>En cumplimiento con la <strong>LGPD de Brasil<\/strong> y el <strong>GDPR de Europa<\/strong>, informamos que la base legal para el tratamiento de datos t\u00e9cnicos es el inter\u00e9s leg\u00edtimo (para seguridad y funcionamiento del sitio) y el consentimiento (para cookies anal\u00edticas y publicitarias).<\/p>\n<p>Dado que no contamos con formularios de contacto o casillas de comentarios, no solicitamos datos personales directos como nombres o identificaciones. Solo ofrecemos nuestra direcci\u00f3n de correo electr\u00f3nico y enlaces a redes sociales externos.<\/p>\n<p><strong>Archivos de registro del servidor<\/strong><\/p>\n<p>El proveedor del servidor puede recopilar y almacenar informaci\u00f3n t\u00e9cnica necesaria para la seguridad y optimizaci\u00f3n del sitio:<\/p>\n<ul>\n<li>El tipo y versi\u00f3n del navegador<\/li>\n<li>El sistema operativo utilizado<\/li>\n<li>URL de referencia (Referrer)<\/li>\n<li>El nombre de host y la direcci\u00f3n IP (anonimizada seg\u00fan corresponda)<\/li>\n<li>La hora de la consulta del servidor<\/li>\n<\/ul>\n<h3>Cookies de terceros<\/h3>\n<p>Utilizamos servicios de terceros para anal\u00edtica y publicidad. Estos proveedores pueden recopilar datos de forma an\u00f3nima para elaborar informes de tendencias. Los usuarios en EE. UU. (California, Virginia, Colorado, etc.) tienen derecho a optar por la exclusi\u00f3n (Opt-out) de la \u00abventa o compartici\u00f3n\u00bb de su informaci\u00f3n personal a trav\u00e9s de estas cookies publicitarias.<\/p>\n<p>Los proveedores, incluido <strong>Google<\/strong>, utilizan cookies para mostrar anuncios basados en las visitas anteriores de un usuario. Puede inhabilitar la publicidad personalizada en <a href=\"https:\/\/www.google.com\/settings\/ads\" target=\"_blank\" rel=\"noopener\">Preferencias de anuncios<\/a> o mediante la se\u00f1al de <strong>Global Privacy Control (GPC)<\/strong> en su navegador.<\/p>\n<p>Listado de proveedores y sus pol\u00edticas de privacidad:<\/p>\n<h3><a href=\"https:\/\/www.facebook.com\/privacy\/policy\/\" target=\"_blank\" rel=\"noopener\">Facebook<\/a><\/h3>\n<h3><a href=\"https:\/\/developers.google.com\/analytics\/devguides\/collection\/ga4\/cookie-usage?hl=es\" target=\"_blank\" rel=\"noopener\">Google Analytics 4<\/a><\/h3>\n<h3><a href=\"https:\/\/policies.google.com\/privacy?hl=es\" target=\"_blank\" rel=\"noopener\">Google (Ads, Maps, Fonts)<\/a><\/h3>\n<h3><a href=\"https:\/\/www.cloudflare.com\/es-es\/privacypolicy\/\">Cloudflare<\/a><\/h3>\n<h3><a href=\"https:\/\/fontawesome.com\/privacy\" target=\"_blank\" rel=\"noopener\">FontAwesome<\/a><\/h3>\n<h3><a href=\"https:\/\/www.avionio.com\/es\/pages\/privacy\" target=\"_blank\" rel=\"noopener\">Avionio<\/a><\/h3>\n<h3><a href=\"https:\/\/flightradar.live\/datenschutzerklaerung\/\" target=\"_blank\" rel=\"noopener\">Flightradar.live<\/a><\/h3>\n<h3><a href=\"https:\/\/www.rentalcars.com\/es\/privacy\/\" target=\"_blank\" rel=\"noopener\">Rental Cars <\/a><\/h3>\n<h3><a href=\"https:\/\/www.cj.com\/legal\/privacy-uk\" target=\"_blank\" rel=\"noopener\">CJ.com<\/a><\/h3>\n<h3><a href=\"https:\/\/www.booking.com\/content\/privacy.es-ar.html\" target=\"_blank\" rel=\"noopener\">Booking.com<\/a><\/h3>\n<h3><a href=\"https:\/\/www.civitatis.com\/ar\/privacidad\/\" target=\"_blank\" rel=\"noopener\">Civitatis<\/a><\/h3>\n<h3><a href=\"https:\/\/www.theaffiliategateway.com\/uk\/privacy\" target=\"_blank\" rel=\"noopener\">The Affiliate Gateway<\/a><\/h3>\n<h2>Sus Derechos (GDPR, LGPD, CCPA\/CPRA)<\/h2>\n<p>Usted tiene derecho a:<\/p>\n<ul>\n<li><strong>Acceso y Rectificaci\u00f3n:<\/strong> Solicitar qu\u00e9 datos t\u00e9cnicos tenemos registrados.<\/li>\n<li><strong>Eliminaci\u00f3n:<\/strong> Solicitar el borrado de sus datos (derecho al olvido).<\/li>\n<li><strong>Oposici\u00f3n:<\/strong> Rechazar el procesamiento de sus datos para fines publicitarios.<\/li>\n<li><strong>Portabilidad:<\/strong> Recibir sus datos en un formato electr\u00f3nico.<\/li>\n<\/ul>\n<p>Para ejercer estos derechos, puede contactarnos en: airport@zona-litoral.com.<\/p>\n<h2>Deshabilitar, rechazar y eliminar cookies<\/h2>\n<p>Usted puede configurar su navegador para aceptar, rechazar o eliminar cookies. Tenga en cuenta que si bloquea las cookies esenciales, el Sitio Web podr\u00eda no funcionar correctamente.<\/p>\n<div>\n<ul>\n<li>\n<h4><a href=\"https:\/\/support.google.com\/accounts\/answer\/61416?hl=es\" target=\"_blank\" rel=\"noopener\">Chrome<\/a><\/h4>\n<\/li>\n<li>\n<h4><a href=\"https:\/\/support.microsoft.com\/es-es\/microsoft-edge\/eliminar-las-cookies-en-microsoft-edge-63947406-40ac-c3b8-57b9-2a946a29ae09\" target=\"_blank\" rel=\"noopener\">Microsoft Edge<\/a><\/h4>\n<\/li>\n<li>\n<h4><a href=\"https:\/\/support.mozilla.org\/es\/kb\/Deshabilitar%20cookies%20de%20terceros\" target=\"_blank\" rel=\"noopener\">Firefox<\/a><\/h4>\n<\/li>\n<li>\n<h4><a href=\"https:\/\/support.apple.com\/es-es\/HT201265\" target=\"_blank\" rel=\"noopener\">Safari <\/a><\/h4>\n<\/li>\n<li>\n<h4><a href=\"https:\/\/brave.com\/es\/privacy-updates\/21-blocking-cookie-notices\/\">Brave<\/a><\/h4>\n<\/li>\n<li>\n<h4><a href=\"https:\/\/legal.opera.com\/privacy\/privacy.html\" target=\"_blank\" rel=\"noopener\">Opera<\/a><\/h4>\n<\/li>\n<\/ul>\n<\/div>\n<p>Para m\u00e1s informaci\u00f3n sobre c\u00f3mo excluirse de la publicidad personalizada de m\u00faltiples redes, visite <a href=\"http:\/\/www.aboutads.info\/choices\/\" target=\"_blank\" rel=\"noopener\">youradchoices.com<\/a>.<\/p>\n<p><\/p>","protected":false},"excerpt":{"rendered":"<p>\u00daltima actualizaci\u00f3n: 17 de enero de 2026 Pol\u00edtica de privacidad y cookies Aeroportogru.com (\u00abnosotros\u00bb, \u00abnuestro\u00bb, \u00abeste sitio web\u00bb) tiene su sede en Santa Fe CP 3000, Argentina, correo electr\u00f3nico: airport@zona-litoral.com. Esta pol\u00edtica cumple con los est\u00e1ndares internacionales de protecci\u00f3n de<\/p>\n","protected":false},"author":1,"featured_media":0,"parent":0,"menu_order":0,"comment_status":"closed","ping_status":"open","template":"","meta":{"footnotes":""},"class_list":["post-3","page","type-page","status-publish","hentry"],"yoast_head":"<!-- This site is optimized with the Yoast SEO plugin v27.3 - https:\/\/yoast.com\/product\/yoast-seo-wordpress\/ -->\n<title>Politica de Privacidad -<\/title>\n<meta name=\"robots\" content=\"noindex, nofollow\" \/>\n<meta property=\"og:locale\" content=\"es_ES\" \/>\n<meta property=\"og:type\" content=\"article\" \/>\n<meta property=\"og:title\" content=\"Politica de Privacidad -\" \/>\n<meta property=\"og:description\" content=\"\u00daltima actualizaci\u00f3n: 17 de enero de 2026 Pol\u00edtica de privacidad y cookies Aeroportogru.com (\u00abnosotros\u00bb, \u00abnuestro\u00bb, \u00abeste sitio web\u00bb) tiene su sede en Santa Fe CP 3000, Argentina, correo electr\u00f3nico: airport@zona-litoral.com. Esta pol\u00edtica cumple con los est\u00e1ndares internacionales de protecci\u00f3n de\" \/>\n<meta property=\"og:url\" content=\"https:\/\/aeroportogru.com\/politica-privacidade\/\" \/>\n<meta property=\"article:modified_time\" content=\"2026-01-18T01:02:01+00:00\" \/>\n<meta name=\"twitter:card\" content=\"summary_large_image\" \/>\n<meta name=\"twitter:label1\" content=\"Tiempo de lectura\" \/>\n\t<meta name=\"twitter:data1\" content=\"12 minutos\" \/>\n<script type=\"application\/ld+json\" class=\"yoast-schema-graph\">{\"@context\":\"https:\\\/\\\/schema.org\",\"@graph\":[{\"@type\":\"WebPage\",\"@id\":\"https:\\\/\\\/aeroportogru.com\\\/politica-privacidade\\\/\",\"url\":\"https:\\\/\\\/aeroportogru.com\\\/politica-privacidade\\\/\",\"name\":\"Politica de Privacidad -\",\"isPartOf\":{\"@id\":\"https:\\\/\\\/aeroportogru.com\\\/#website\"},\"datePublished\":\"2021-04-05T20:15:31+00:00\",\"dateModified\":\"2026-01-18T01:02:01+00:00\",\"breadcrumb\":{\"@id\":\"https:\\\/\\\/aeroportogru.com\\\/politica-privacidade\\\/#breadcrumb\"},\"inLanguage\":\"es\",\"potentialAction\":[{\"@type\":\"ReadAction\",\"target\":[\"https:\\\/\\\/aeroportogru.com\\\/politica-privacidade\\\/\"]}]},{\"@type\":\"BreadcrumbList\",\"@id\":\"https:\\\/\\\/aeroportogru.com\\\/politica-privacidade\\\/#breadcrumb\",\"itemListElement\":[{\"@type\":\"ListItem\",\"position\":1,\"name\":\"Home\",\"item\":\"https:\\\/\\\/aeroportogru.com\\\/\"},{\"@type\":\"ListItem\",\"position\":2,\"name\":\"Politica de Privacidade\"}]},{\"@type\":\"WebSite\",\"@id\":\"https:\\\/\\\/aeroportogru.com\\\/#website\",\"url\":\"https:\\\/\\\/aeroportogru.com\\\/\",\"name\":\"\",\"description\":\"\",\"potentialAction\":[{\"@type\":\"SearchAction\",\"target\":{\"@type\":\"EntryPoint\",\"urlTemplate\":\"https:\\\/\\\/aeroportogru.com\\\/?s={search_term_string}\"},\"query-input\":{\"@type\":\"PropertyValueSpecification\",\"valueRequired\":true,\"valueName\":\"search_term_string\"}}],\"inLanguage\":\"es\"}]}<\/script>\n<!-- \/ Yoast SEO plugin. -->","yoast_head_json":{"title":"Politica de Privacidad -","robots":{"index":"noindex","follow":"nofollow"},"og_locale":"es_ES","og_type":"article","og_title":"Politica de Privacidad -","og_description":"\u00daltima actualizaci\u00f3n: 17 de enero de 2026 Pol\u00edtica de privacidad y cookies Aeroportogru.com (\u00abnosotros\u00bb, \u00abnuestro\u00bb, \u00abeste sitio web\u00bb) tiene su sede en Santa Fe CP 3000, Argentina, correo electr\u00f3nico: airport@zona-litoral.com. Esta pol\u00edtica cumple con los est\u00e1ndares internacionales de protecci\u00f3n de","og_url":"https:\/\/aeroportogru.com\/politica-privacidade\/","article_modified_time":"2026-01-18T01:02:01+00:00","twitter_card":"summary_large_image","twitter_misc":{"Tiempo de lectura":"12 minutos"},"schema":{"@context":"https:\/\/schema.org","@graph":[{"@type":"WebPage","@id":"https:\/\/aeroportogru.com\/politica-privacidade\/","url":"https:\/\/aeroportogru.com\/politica-privacidade\/","name":"Politica de Privacidad -","isPartOf":{"@id":"https:\/\/aeroportogru.com\/#website"},"datePublished":"2021-04-05T20:15:31+00:00","dateModified":"2026-01-18T01:02:01+00:00","breadcrumb":{"@id":"https:\/\/aeroportogru.com\/politica-privacidade\/#breadcrumb"},"inLanguage":"es","potentialAction":[{"@type":"ReadAction","target":["https:\/\/aeroportogru.com\/politica-privacidade\/"]}]},{"@type":"BreadcrumbList","@id":"https:\/\/aeroportogru.com\/politica-privacidade\/#breadcrumb","itemListElement":[{"@type":"ListItem","position":1,"name":"Home","item":"https:\/\/aeroportogru.com\/"},{"@type":"ListItem","position":2,"name":"Politica de Privacidade"}]},{"@type":"WebSite","@id":"https:\/\/aeroportogru.com\/#website","url":"https:\/\/aeroportogru.com\/","name":"","description":"","potentialAction":[{"@type":"SearchAction","target":{"@type":"EntryPoint","urlTemplate":"https:\/\/aeroportogru.com\/?s={search_term_string}"},"query-input":{"@type":"PropertyValueSpecification","valueRequired":true,"valueName":"search_term_string"}}],"inLanguage":"es"}]}},"_links":{"self":[{"href":"https:\/\/aeroportogru.com\/es\/wp-json\/wp\/v2\/pages\/3","targetHints":{"allow":["GET"]}}],"collection":[{"href":"https:\/\/aeroportogru.com\/es\/wp-json\/wp\/v2\/pages"}],"about":[{"href":"https:\/\/aeroportogru.com\/es\/wp-json\/wp\/v2\/types\/page"}],"author":[{"embeddable":true,"href":"https:\/\/aeroportogru.com\/es\/wp-json\/wp\/v2\/users\/1"}],"replies":[{"embeddable":true,"href":"https:\/\/aeroportogru.com\/es\/wp-json\/wp\/v2\/comments?post=3"}],"version-history":[{"count":21,"href":"https:\/\/aeroportogru.com\/es\/wp-json\/wp\/v2\/pages\/3\/revisions"}],"predecessor-version":[{"id":1012,"href":"https:\/\/aeroportogru.com\/es\/wp-json\/wp\/v2\/pages\/3\/revisions\/1012"}],"wp:attachment":[{"href":"https:\/\/aeroportogru.com\/es\/wp-json\/wp\/v2\/media?parent=3"}],"curies":[{"name":"wp","href":"https:\/\/api.w.org\/{rel}","templated":true}]}}