{"id":83,"date":"2021-04-06T20:51:07","date_gmt":"2021-04-06T20:51:07","guid":{"rendered":"https:\/\/aeroportogru.com\/en\/?page_id=83"},"modified":"2025-12-07T00:59:13","modified_gmt":"2025-12-07T00:59:13","slug":"transfers-privados-de-e-para-o-aeroporto-de-sao-paulo-guarulhos","status":"publish","type":"page","link":"https:\/\/aeroportogru.com\/es\/transporte-privado\/","title":{"rendered":"Traslados privados &#8211; Aeropuerto de Sao Paulo Guarulhos"},"content":{"rendered":"<p><\/p>\n<h1>Transfers privados en el Aeropuerto Guarulhos<\/h1>\n<p><a href=\"https:\/\/www.civitatis.com\/ar\/sao-paulo\/traslados\/?aid=12140\" target=\"_blank\" rel=\"nofollow sponsored noopener\"><img loading=\"lazy\" decoding=\"async\" class=\"alignnone size-full wp-image-84\" src=\"https:\/\/aeroportogru.com\/wp-content\/uploads\/2021\/04\/banner-traslados.gif\" alt=\"\" width=\"300\" height=\"250\" \/><\/a><\/p>\n<h2>Servicio de traslados puerta a puerta<\/h2>\n<p>Si lo que buscas es la mayor comodidad y tranquilidad para trasladarte desde el Aeropuerto de Guarulhos al centro de S\u00e3o Paulo, puedes optar por un servicio privado de traslado.<\/p>\n<p>La mejor opci\u00f3n es <strong><a href=\"https:\/\/www.civitatis.com\/ar\/sao-paulo\/traslados\/?aid=12140\" target=\"_blank\" rel=\"nofollow sponsored noopener\">reservar online<\/a><\/strong> y con antelaci\u00f3n tu traslado desde o hacia el aeropuerto, para que tu chofer te est\u00e9 aguardando y no tengas que negociar precios con taxis o empresas de transfers. Puedes reservar un veh\u00edculo ejecutivo para 3 pasajeros desde USD73.53 (precio total por veh\u00edculo), un coche de 4 plazas por USD65.08, un monovolumen de 7 plazas por USD110.30 o un minib\u00fas para 12 personas por USD134.94.<\/p>\n<p>Es posible reservar un veh\u00edculo con un m\u00ednimo de hasta 6 horas de antelaci\u00f3n. En el aeropuerto, el chofer te esperar\u00e1 con un cartel con tu nombre ni bien salgas de la zona de recolecci\u00f3n de equipaje y accedas al \u00e1rea p\u00fablica. En el caso de que est\u00e9s en un hotel o apartamento, el conductor te estar\u00e1 esperando en el exterior del edificio. Si tiene la posibilidad de estacionar el veh\u00edculo, en ocasiones podr\u00e1 esperar en la recepci\u00f3n.<\/p>\n<p><strong><a href=\"https:\/\/www.civitatis.com\/ar\/sao-paulo\/traslados\/?aid=12140\" target=\"_blank\" rel=\"nofollow sponsored noopener\">M\u00c1S INFORMACI\u00d3N Y RESERVAS<\/a><\/strong><\/p>","protected":false},"excerpt":{"rendered":"<p>Transfers privados en el Aeropuerto Guarulhos Servicio de traslados puerta a puerta Si lo que buscas es la mayor comodidad y tranquilidad para trasladarte desde el Aeropuerto de Guarulhos al centro de S\u00e3o Paulo, puedes optar por un servicio privado<\/p>\n","protected":false},"author":1,"featured_media":0,"parent":0,"menu_order":0,"comment_status":"closed","ping_status":"closed","template":"","meta":{"footnotes":""},"class_list":["post-83","page","type-page","status-publish","hentry"],"yoast_head":"<!-- This site is optimized with the Yoast SEO plugin v27.3 - https:\/\/yoast.com\/product\/yoast-seo-wordpress\/ -->\n<title>Traslados privados - Aeropuerto de Sao Paulo Guarulhos -<\/title>\n<meta name=\"description\" content=\"Transporte privado desde y hacia el aeropuerto de Cumbica, Guarulhos Sao Paulo. Servicios puerta a puerta, tarifas\" \/>\n<meta name=\"robots\" content=\"index, follow, max-snippet:-1, max-image-preview:large, max-video-preview:-1\" \/>\n<link rel=\"canonical\" href=\"https:\/\/aeroportogru.com\/transfers\/\" \/>\n<meta property=\"og:locale\" content=\"es_ES\" \/>\n<meta property=\"og:type\" content=\"article\" \/>\n<meta property=\"og:title\" content=\"Traslados privados - Aeropuerto de Sao Paulo Guarulhos -\" \/>\n<meta property=\"og:description\" content=\"{:en}Private transportation to and from Cumbica, Guarulhos Sao Paulo airport. Door to door services, rates.{:es}Transporte privado desde y hacia el aeropuerto de Cumbica, Guarulhos Sao Paulo. Servicios puerta a puerta, tarifas {:pt}Transporte privado de e para o aeroporto de Cumbica. Servi\u00e7os porta a porta, tarifas{:}\" \/>\n<meta property=\"og:url\" content=\"https:\/\/aeroportogru.com\/transfers\/\" \/>\n<meta property=\"article:modified_time\" content=\"2025-12-07T00:59:13+00:00\" \/>\n<meta property=\"og:image\" content=\"https:\/\/aeroportogru.com\/wp-content\/uploads\/2021\/04\/banner-traslados.gif\" \/>\n\t<meta property=\"og:image:width\" content=\"300\" \/>\n\t<meta property=\"og:image:height\" content=\"250\" \/>\n\t<meta property=\"og:image:type\" content=\"image\/gif\" \/>\n<meta name=\"twitter:card\" content=\"summary_large_image\" \/>\n<meta name=\"twitter:label1\" content=\"Tiempo de lectura\" \/>\n\t<meta name=\"twitter:data1\" content=\"4 minutos\" \/>\n<script type=\"application\/ld+json\" class=\"yoast-schema-graph\">{\"@context\":\"https:\\\/\\\/schema.org\",\"@graph\":[{\"@type\":\"WebPage\",\"@id\":\"https:\\\/\\\/aeroportogru.com\\\/transfers\\\/\",\"url\":\"https:\\\/\\\/aeroportogru.com\\\/transfers\\\/\",\"name\":\"Traslados privados - Aeropuerto de Sao Paulo Guarulhos -\",\"isPartOf\":{\"@id\":\"https:\\\/\\\/aeroportogru.com\\\/#website\"},\"primaryImageOfPage\":{\"@id\":\"https:\\\/\\\/aeroportogru.com\\\/transfers\\\/#primaryimage\"},\"image\":{\"@id\":\"https:\\\/\\\/aeroportogru.com\\\/transfers\\\/#primaryimage\"},\"thumbnailUrl\":\"https:\\\/\\\/aeroportogru.com\\\/wp-content\\\/uploads\\\/2021\\\/04\\\/banner-traslados.gif\",\"datePublished\":\"2021-04-06T20:51:07+00:00\",\"dateModified\":\"2025-12-07T00:59:13+00:00\",\"description\":\"{:en}Private transportation to and from Cumbica, Guarulhos Sao Paulo airport. Door to door services, rates.{:es}Transporte privado desde y hacia el aeropuerto de Cumbica, Guarulhos Sao Paulo. Servicios puerta a puerta, tarifas {:pt}Transporte privado de e para o aeroporto de Cumbica. Servi\u00e7os porta a porta, tarifas{:}\",\"breadcrumb\":{\"@id\":\"https:\\\/\\\/aeroportogru.com\\\/transfers\\\/#breadcrumb\"},\"inLanguage\":\"es\",\"potentialAction\":[{\"@type\":\"ReadAction\",\"target\":[\"https:\\\/\\\/aeroportogru.com\\\/transfers\\\/\"]}]},{\"@type\":\"ImageObject\",\"inLanguage\":\"es\",\"@id\":\"https:\\\/\\\/aeroportogru.com\\\/transfers\\\/#primaryimage\",\"url\":\"https:\\\/\\\/aeroportogru.com\\\/wp-content\\\/uploads\\\/2021\\\/04\\\/banner-traslados.gif\",\"contentUrl\":\"https:\\\/\\\/aeroportogru.com\\\/wp-content\\\/uploads\\\/2021\\\/04\\\/banner-traslados.gif\"},{\"@type\":\"BreadcrumbList\",\"@id\":\"https:\\\/\\\/aeroportogru.com\\\/transfers\\\/#breadcrumb\",\"itemListElement\":[{\"@type\":\"ListItem\",\"position\":1,\"name\":\"Home\",\"item\":\"https:\\\/\\\/aeroportogru.com\\\/\"},{\"@type\":\"ListItem\",\"position\":2,\"name\":\"Transfers privados de e para o Aeroporto de S\u00e3o Paulo Guarulhos\"}]},{\"@type\":\"WebSite\",\"@id\":\"https:\\\/\\\/aeroportogru.com\\\/#website\",\"url\":\"https:\\\/\\\/aeroportogru.com\\\/\",\"name\":\"\",\"description\":\"\",\"potentialAction\":[{\"@type\":\"SearchAction\",\"target\":{\"@type\":\"EntryPoint\",\"urlTemplate\":\"https:\\\/\\\/aeroportogru.com\\\/?s={search_term_string}\"},\"query-input\":{\"@type\":\"PropertyValueSpecification\",\"valueRequired\":true,\"valueName\":\"search_term_string\"}}],\"inLanguage\":\"es\"}]}<\/script>\n<!-- \/ Yoast SEO plugin. -->","yoast_head_json":{"title":"Traslados privados - Aeropuerto de Sao Paulo Guarulhos -","description":"Transporte privado desde y hacia el aeropuerto de Cumbica, Guarulhos Sao Paulo. Servicios puerta a puerta, tarifas","robots":{"index":"index","follow":"follow","max-snippet":"max-snippet:-1","max-image-preview":"max-image-preview:large","max-video-preview":"max-video-preview:-1"},"canonical":"https:\/\/aeroportogru.com\/transfers\/","og_locale":"es_ES","og_type":"article","og_title":"Traslados privados - Aeropuerto de Sao Paulo Guarulhos -","og_description":"{:en}Private transportation to and from Cumbica, Guarulhos Sao Paulo airport. Door to door services, rates.{:es}Transporte privado desde y hacia el aeropuerto de Cumbica, Guarulhos Sao Paulo. Servicios puerta a puerta, tarifas {:pt}Transporte privado de e para o aeroporto de Cumbica. Servi\u00e7os porta a porta, tarifas{:}","og_url":"https:\/\/aeroportogru.com\/transfers\/","article_modified_time":"2025-12-07T00:59:13+00:00","og_image":[{"width":300,"height":250,"url":"https:\/\/aeroportogru.com\/wp-content\/uploads\/2021\/04\/banner-traslados.gif","type":"image\/gif"}],"twitter_card":"summary_large_image","twitter_misc":{"Tiempo de lectura":"4 minutos"},"schema":{"@context":"https:\/\/schema.org","@graph":[{"@type":"WebPage","@id":"https:\/\/aeroportogru.com\/transfers\/","url":"https:\/\/aeroportogru.com\/transfers\/","name":"Traslados privados - Aeropuerto de Sao Paulo Guarulhos -","isPartOf":{"@id":"https:\/\/aeroportogru.com\/#website"},"primaryImageOfPage":{"@id":"https:\/\/aeroportogru.com\/transfers\/#primaryimage"},"image":{"@id":"https:\/\/aeroportogru.com\/transfers\/#primaryimage"},"thumbnailUrl":"https:\/\/aeroportogru.com\/wp-content\/uploads\/2021\/04\/banner-traslados.gif","datePublished":"2021-04-06T20:51:07+00:00","dateModified":"2025-12-07T00:59:13+00:00","description":"{:en}Private transportation to and from Cumbica, Guarulhos Sao Paulo airport. Door to door services, rates.{:es}Transporte privado desde y hacia el aeropuerto de Cumbica, Guarulhos Sao Paulo. Servicios puerta a puerta, tarifas {:pt}Transporte privado de e para o aeroporto de Cumbica. Servi\u00e7os porta a porta, tarifas{:}","breadcrumb":{"@id":"https:\/\/aeroportogru.com\/transfers\/#breadcrumb"},"inLanguage":"es","potentialAction":[{"@type":"ReadAction","target":["https:\/\/aeroportogru.com\/transfers\/"]}]},{"@type":"ImageObject","inLanguage":"es","@id":"https:\/\/aeroportogru.com\/transfers\/#primaryimage","url":"https:\/\/aeroportogru.com\/wp-content\/uploads\/2021\/04\/banner-traslados.gif","contentUrl":"https:\/\/aeroportogru.com\/wp-content\/uploads\/2021\/04\/banner-traslados.gif"},{"@type":"BreadcrumbList","@id":"https:\/\/aeroportogru.com\/transfers\/#breadcrumb","itemListElement":[{"@type":"ListItem","position":1,"name":"Home","item":"https:\/\/aeroportogru.com\/"},{"@type":"ListItem","position":2,"name":"Transfers privados de e para o Aeroporto de S\u00e3o Paulo Guarulhos"}]},{"@type":"WebSite","@id":"https:\/\/aeroportogru.com\/#website","url":"https:\/\/aeroportogru.com\/","name":"","description":"","potentialAction":[{"@type":"SearchAction","target":{"@type":"EntryPoint","urlTemplate":"https:\/\/aeroportogru.com\/?s={search_term_string}"},"query-input":{"@type":"PropertyValueSpecification","valueRequired":true,"valueName":"search_term_string"}}],"inLanguage":"es"}]}},"_links":{"self":[{"href":"https:\/\/aeroportogru.com\/es\/wp-json\/wp\/v2\/pages\/83","targetHints":{"allow":["GET"]}}],"collection":[{"href":"https:\/\/aeroportogru.com\/es\/wp-json\/wp\/v2\/pages"}],"about":[{"href":"https:\/\/aeroportogru.com\/es\/wp-json\/wp\/v2\/types\/page"}],"author":[{"embeddable":true,"href":"https:\/\/aeroportogru.com\/es\/wp-json\/wp\/v2\/users\/1"}],"replies":[{"embeddable":true,"href":"https:\/\/aeroportogru.com\/es\/wp-json\/wp\/v2\/comments?post=83"}],"version-history":[{"count":15,"href":"https:\/\/aeroportogru.com\/es\/wp-json\/wp\/v2\/pages\/83\/revisions"}],"predecessor-version":[{"id":954,"href":"https:\/\/aeroportogru.com\/es\/wp-json\/wp\/v2\/pages\/83\/revisions\/954"}],"wp:attachment":[{"href":"https:\/\/aeroportogru.com\/es\/wp-json\/wp\/v2\/media?parent=83"}],"curies":[{"name":"wp","href":"https:\/\/api.w.org\/{rel}","templated":true}]}}